{"id":4882,"date":"2021-03-30T16:49:38","date_gmt":"2021-03-30T09:49:38","guid":{"rendered":"http:\/\/new.vnresource.vn\/human-resources-management-vnresource-hrm-pro\/hrm-linh-vuc-khac\/"},"modified":"2021-05-19T15:39:31","modified_gmt":"2021-05-19T08:39:31","slug":"other-fields","status":"publish","type":"page","link":"https:\/\/vnresource.vn\/en\/human-resources-management-vnresource-hrm-pro\/other-fields\/","title":{"rendered":"Human Resources Management Solution for Other fields"},"content":{"rendered":"<p style=\"text-align: justify;\">The version for other fields fully supports the functions from basic to advanced, helping users to maximum manage the work, minimize the time and volume of the Human Resources Department:<\/p>\n<ul>\n<li style=\"text-align: justify;\">Employee record management<\/li>\n<li style=\"text-align: justify;\">Attendance<\/li>\n<li style=\"text-align: justify;\">Payroll<\/li>\n<li style=\"text-align: justify;\">Insurance &amp; Tax<\/li>\n<li style=\"text-align: justify;\">Recruitment<\/li>\n<li style=\"text-align: justify;\">Training<\/li>\n<li style=\"text-align: justify;\">Evaluation<\/li>\n<\/ul>\n<div class=\"content-text\">\n<p style=\"text-align: center;\"><em> <img loading=\"lazy\" class=\"alignnone wp-image-4417\" src=\"http:\/\/new.vnresource.vn\/wp-content\/uploads\/pantoa-trien-khai-phan-mem-quan-ly-nhan-su-vnresource-hrmpro.png\" alt=\"\" width=\"600\" height=\"379\" srcset=\"https:\/\/vnresource.vn\/wp-content\/uploads\/pantoa-trien-khai-phan-mem-quan-ly-nhan-su-vnresource-hrmpro.png 1237w, https:\/\/vnresource.vn\/wp-content\/uploads\/pantoa-trien-khai-phan-mem-quan-ly-nhan-su-vnresource-hrmpro-300x189.png 300w, https:\/\/vnresource.vn\/wp-content\/uploads\/pantoa-trien-khai-phan-mem-quan-ly-nhan-su-vnresource-hrmpro-1024x647.png 1024w, https:\/\/vnresource.vn\/wp-content\/uploads\/pantoa-trien-khai-phan-mem-quan-ly-nhan-su-vnresource-hrmpro-768x485.png 768w\" sizes=\"(max-width: 600px) 100vw, 600px\" \/> <\/em><\/p>\n<p style=\"text-align: center;\"><em>Kh\u00e1ch h\u00e0ng Pantos &#8211; C\u00f4ng ty con thu\u1ed9c t\u1eadp \u0111o\u00e0n LG tri\u1ec3n khai ph\u1ea7n m\u1ec1m nh\u00e2n s\u1ef1 VnResource HRM Pro<\/em><\/p>\n<\/div>\n","protected":false},"excerpt":{"rendered":"<p>The version for other fields fully supports the functions from basic to advanced, helping users to maximum manage the work, minimize the time and volume of the Human Resources Department: Employee record management Attendance Payroll Insurance &amp; Tax Recruitment Training Evaluation Kh\u00e1ch h\u00e0ng Pantos &#8211; C\u00f4ng ty con thu\u1ed9c t\u1eadp \u0111o\u00e0n LG tri\u1ec3n khai ph\u1ea7n m\u1ec1m nh\u00e2n s\u1ef1 VnResource HRM Pro<\/p>\n","protected":false},"author":4,"featured_media":0,"parent":4845,"menu_order":0,"comment_status":"closed","ping_status":"closed","template":"template\/giaiphapdacthu.php","meta":[],"aioseo_notices":[],"_links":{"self":[{"href":"https:\/\/vnresource.vn\/en\/wp-json\/wp\/v2\/pages\/4882\/"}],"collection":[{"href":"https:\/\/vnresource.vn\/en\/wp-json\/wp\/v2\/pages\/"}],"about":[{"href":"https:\/\/vnresource.vn\/en\/wp-json\/wp\/v2\/types\/page\/"}],"author":[{"embeddable":true,"href":"https:\/\/vnresource.vn\/en\/wp-json\/wp\/v2\/users\/4\/"}],"replies":[{"embeddable":true,"href":"https:\/\/vnresource.vn\/en\/wp-json\/wp\/v2\/comments\/?post=4882"}],"version-history":[{"count":2,"href":"https:\/\/vnresource.vn\/en\/wp-json\/wp\/v2\/pages\/4882\/revisions\/"}],"predecessor-version":[{"id":4884,"href":"https:\/\/vnresource.vn\/en\/wp-json\/wp\/v2\/pages\/4882\/revisions\/4884\/"}],"up":[{"embeddable":true,"href":"https:\/\/vnresource.vn\/en\/wp-json\/wp\/v2\/pages\/4845\/"}],"wp:attachment":[{"href":"https:\/\/vnresource.vn\/en\/wp-json\/wp\/v2\/media\/?parent=4882"}],"curies":[{"name":"wp","href":"https:\/\/api.w.org\/{rel}","templated":true}]}}